{"id":221,"date":"2024-11-27T10:52:23","date_gmt":"2024-11-27T10:52:23","guid":{"rendered":"https:\/\/schuetzengin.ch\/?post_type=product&#038;p=221"},"modified":"2025-11-26T15:31:18","modified_gmt":"2025-11-26T13:31:18","slug":"schuetzen-gin-set","status":"publish","type":"product","link":"https:\/\/schuetzengin.ch\/index.php\/produkt\/schuetzen-gin-set\/","title":{"rendered":"Sch\u00fctzen Gin Set (50ml &#038; 500ml)"},"content":{"rendered":"<p><span style=\"color: #333333;\"><strong>Alles beginnt mit hochwertigem Alkohol und der Lagerung von Wacholder. Anschliessend kommen sorgf\u00e4ltig ausgew\u00e4hlte nat\u00fcrliche Zutaten hinzu, die dem Gin seine unverwechselbare Note verleihen. Die Gew\u00fcrze und Aromen, darunter Kardamom, Pfeffer, Ingwer und K\u00fcmmel, werden in Alkohol eingelegt und destilliert. Diese handwerkliche Perfektion verleiht dem Gin sein charakteristisches angenehmes W\u00e4rmegef\u00fchl im Hals und ein intensives Geschmackserlebnis.<\/strong><\/span><\/p>\n","protected":false},"excerpt":{"rendered":"<p><strong><span style=\"color: #333333;\">Sch\u00fctzen Gin\u00a0 |\u00a0 Gin Tireur\u00a0 |\u00a0 Gin Tiratore<\/span><\/strong><\/p>\n<p><strong><span style=\"color: #333333;\">500 ml &amp; 50 ml\u00a0 \/\u00a0 43% Vol.<\/span><\/strong><\/p>\n","protected":false},"featured_media":222,"comment_status":"open","ping_status":"closed","template":"","meta":[],"product_brand":[],"product_cat":[19],"product_tag":[],"class_list":{"0":"post-221","1":"product","2":"type-product","3":"status-publish","4":"has-post-thumbnail","6":"product_cat-gin","7":"product_shipping_class-schuetzen-gin-500ml","9":"first","10":"instock","11":"taxable","12":"shipping-taxable","13":"purchasable","14":"product-type-simple"},"_links":{"self":[{"href":"https:\/\/schuetzengin.ch\/index.php\/wp-json\/wp\/v2\/product\/221","targetHints":{"allow":["GET"]}}],"collection":[{"href":"https:\/\/schuetzengin.ch\/index.php\/wp-json\/wp\/v2\/product"}],"about":[{"href":"https:\/\/schuetzengin.ch\/index.php\/wp-json\/wp\/v2\/types\/product"}],"replies":[{"embeddable":true,"href":"https:\/\/schuetzengin.ch\/index.php\/wp-json\/wp\/v2\/comments?post=221"}],"wp:featuredmedia":[{"embeddable":true,"href":"https:\/\/schuetzengin.ch\/index.php\/wp-json\/wp\/v2\/media\/222"}],"wp:attachment":[{"href":"https:\/\/schuetzengin.ch\/index.php\/wp-json\/wp\/v2\/media?parent=221"}],"wp:term":[{"taxonomy":"product_brand","embeddable":true,"href":"https:\/\/schuetzengin.ch\/index.php\/wp-json\/wp\/v2\/product_brand?post=221"},{"taxonomy":"product_cat","embeddable":true,"href":"https:\/\/schuetzengin.ch\/index.php\/wp-json\/wp\/v2\/product_cat?post=221"},{"taxonomy":"product_tag","embeddable":true,"href":"https:\/\/schuetzengin.ch\/index.php\/wp-json\/wp\/v2\/product_tag?post=221"}],"curies":[{"name":"wp","href":"https:\/\/api.w.org\/{rel}","templated":true}]}}